{"id":68,"date":"2026-01-23T11:30:22","date_gmt":"2026-01-23T11:30:22","guid":{"rendered":"http:\/\/simunovicdent.com\/?page_id=68"},"modified":"2026-01-26T07:52:21","modified_gmt":"2026-01-26T07:52:21","slug":"o-nama","status":"publish","type":"page","link":"https:\/\/simunovicdent.com\/?page_id=68","title":{"rendered":"O nama"},"content":{"rendered":"\n    \n    <section class=\"u-clearfix u-container-align-center u-grey-5 u-section-2\" id=\"sec-4802\">\n      <div class=\"u-clearfix u-sheet u-valign-middle-lg u-valign-middle-sm u-valign-top-xl u-sheet-1\">\n        <div class=\"data-layout-selected u-clearfix u-expanded-width u-layout-wrap u-layout-wrap-1\">\n          <div class=\"u-layout\">\n            <div class=\"u-layout-row\">\n              <div class=\"u-align-center u-container-align-left u-container-style u-layout-cell u-size-60 u-layout-cell-1\" data-animation-name=\"fadeIn\" data-animation-duration=\"1500\" data-animation-delay=\"500\">\n                <div class=\"u-container-layout u-valign-middle-lg u-valign-middle-md u-valign-middle-sm u-valign-top-xs u-container-layout-1\">\n                  <blockquote class=\"u-custom-font u-font-montserrat u-text u-text-default u-text-1\"> Stomatolo\u0161ka ordinacija EURODENT po\u010dela je sa radom septembra 1994. godine. Sve ove godine nastojali smo da budemo na usluzi na\u0161im mnogobrojnim pacijentima, sa ciljem da pru\u017eimo najbolju stomatolo\u0161ku njegu, da na\u0111emo najbolja rje\u0161enja za Va\u0161 orofacijalni sistem <br>i time Vam u\u010dinimo brigu manje, i zadovoljstvo vi\u0161e\n                  <\/blockquote>\n                <\/div>\n              <\/div>\n            <\/div>\n          <\/div>\n        <\/div>\n      <\/div>\n    <\/section>\n    <section class=\"u-clearfix u-section-3\" id=\"sec-1145\">\n      <div class=\"u-clearfix u-sheet u-sheet-1\">\n        <img decoding=\"async\" class=\"u-image u-image-circle u-image-1\" src=\"https:\/\/simunovicdent.com\/wp-content\/uploads\/2026\/01\/IMG_8718-2.jpg\" alt=\"\" data-image-width=\"1280\" data-image-height=\"1920\">\n        <img decoding=\"async\" class=\"u-image u-image-circle u-image-2\" src=\"https:\/\/simunovicdent.com\/wp-content\/uploads\/2026\/01\/IMG_8703-2.jpg\" alt=\"\" data-image-width=\"1280\" data-image-height=\"1920\">\n        <img decoding=\"async\" class=\"u-image u-image-circle u-image-3\" src=\"https:\/\/simunovicdent.com\/wp-content\/uploads\/2026\/01\/IMG_8797-2.jpg\" alt=\"\" data-image-width=\"1280\" data-image-height=\"1920\">\n        <p class=\"u-align-center-xs u-text u-text-default u-text-1\"> Dr Stana \u0160imunovi\u0107<\/p>\n        <p class=\"u-align-center-xs u-text u-text-default u-text-2\"> Dr spec. Vedran \u0160imunovi\u0107<br>Oralni hirurg-implantolog \n        <\/p>\n        <p class=\"u-align-center-xs u-text u-text-default u-text-3\"> Prim. dr Dubravko \u0160imunovi\u0107<\/p>\n        <img decoding=\"async\" class=\"u-image u-image-circle u-image-4\" src=\"https:\/\/simunovicdent.com\/wp-content\/uploads\/2026\/01\/IMG_8793-1.jpg\" alt=\"\" data-image-width=\"1280\" data-image-height=\"1920\">\n        <img decoding=\"async\" class=\"u-image u-image-circle u-image-5\" src=\"https:\/\/simunovicdent.com\/wp-content\/uploads\/2026\/01\/IMG_8741-1.jpg\" alt=\"\" data-image-width=\"1280\" data-image-height=\"1920\">\n        <img decoding=\"async\" class=\"u-image u-image-circle u-image-6\" src=\"https:\/\/simunovicdent.com\/wp-content\/uploads\/2026\/01\/IMG_8760-1.jpg\" alt=\"\" data-image-width=\"1280\" data-image-height=\"1920\">\n        <p class=\"u-align-center-xs u-text u-text-default u-text-4\"> Danijela Crnadak Moreti<\/p>\n        <p class=\"u-align-center-xs u-text u-text-default u-text-5\"> Dr spec. Milica Bo\u017ei\u0107 Ortodont<\/p>\n        <p class=\"u-align-center-xs u-text u-text-default u-text-6\"> Dr Jelena Duronji\u0107<\/p>\n        <img decoding=\"async\" class=\"u-image u-image-circle u-image-7\" src=\"https:\/\/simunovicdent.com\/wp-content\/uploads\/2026\/01\/IMG_8731-2.jpg\" alt=\"\" data-image-width=\"1280\" data-image-height=\"1920\">\n        <img decoding=\"async\" class=\"u-image u-image-circle u-image-8\" src=\"https:\/\/simunovicdent.com\/wp-content\/uploads\/2026\/01\/IMG_8747-2.jpg\" alt=\"\" data-image-width=\"1280\" data-image-height=\"1920\">\n        <img decoding=\"async\" class=\"u-image u-image-circle u-image-9\" src=\"https:\/\/simunovicdent.com\/wp-content\/uploads\/2026\/01\/IMG_8735-2.jpg\" alt=\"\" data-image-width=\"1280\" data-image-height=\"1920\">\n        <p class=\"u-align-center-xs u-text u-text-default u-text-7\"> Dubravka Kukav\u010di\u0107<\/p>\n        <p class=\"u-align-center-xs u-text u-text-default u-text-8\"> Snje\u017eana Kiti\u0107<\/p>\n        <p class=\"u-text u-text-default u-text-9\"> Vasiljka Novakovi\u0107 Savi\u0107<\/p>\n        <img decoding=\"async\" class=\"u-image u-image-circle u-image-10\" src=\"https:\/\/simunovicdent.com\/wp-content\/uploads\/2026\/01\/IMG_8776-2.jpg\" alt=\"\" data-image-width=\"1280\" data-image-height=\"1920\">\n        <p class=\"u-align-center-xs u-text u-text-default u-text-10\"> Zaga Prodanovi\u0107<\/p>\n      <\/div>\n    <\/section>\n    \n    \n    \n    \n  \n","protected":false},"excerpt":{"rendered":"<p>Stomatolo\u0161ka ordinacija EURODENT po\u010dela je sa radom septembra 1994. godine. Sve ove godine nastojali smo da budemo na usluzi na\u0161im mnogobrojnim pacijentima, sa ciljem da pru\u017eimo najbolju stomatolo\u0161ku njegu, da na\u0111emo najbolja rje\u0161enja za Va\u0161 orofacijalni sistem i time Vam u\u010dinimo brigu manje, i zadovoljstvo vi\u0161e Dr Stana \u0160imunovi\u0107 Dr spec. Vedran \u0160imunovi\u0107Oralni hirurg-implantolog Prim. &hellip; <a href=\"https:\/\/simunovicdent.com\/?page_id=68\" class=\"more-link\">Continue reading<span class=\"screen-reader-text\"> &#8220;O nama&#8221;<\/span><\/a><\/p>\n","protected":false},"author":1,"featured_media":0,"parent":0,"menu_order":2,"comment_status":"closed","ping_status":"closed","template":"","meta":{"footnotes":""},"class_list":["post-68","page","type-page","status-publish","hentry"],"_links":{"self":[{"href":"https:\/\/simunovicdent.com\/index.php?rest_route=\/wp\/v2\/pages\/68","targetHints":{"allow":["GET"]}}],"collection":[{"href":"https:\/\/simunovicdent.com\/index.php?rest_route=\/wp\/v2\/pages"}],"about":[{"href":"https:\/\/simunovicdent.com\/index.php?rest_route=\/wp\/v2\/types\/page"}],"author":[{"embeddable":true,"href":"https:\/\/simunovicdent.com\/index.php?rest_route=\/wp\/v2\/users\/1"}],"replies":[{"embeddable":true,"href":"https:\/\/simunovicdent.com\/index.php?rest_route=%2Fwp%2Fv2%2Fcomments&post=68"}],"version-history":[{"count":4,"href":"https:\/\/simunovicdent.com\/index.php?rest_route=\/wp\/v2\/pages\/68\/revisions"}],"predecessor-version":[{"id":97,"href":"https:\/\/simunovicdent.com\/index.php?rest_route=\/wp\/v2\/pages\/68\/revisions\/97"}],"wp:attachment":[{"href":"https:\/\/simunovicdent.com\/index.php?rest_route=%2Fwp%2Fv2%2Fmedia&parent=68"}],"curies":[{"name":"wp","href":"https:\/\/api.w.org\/{rel}","templated":true}]}}